{"id":212,"date":"2018-05-05T14:09:29","date_gmt":"2018-05-05T12:09:29","guid":{"rendered":"https:\/\/www.ftgrabski.pl\/?page_id=212"},"modified":"2018-06-07T16:43:34","modified_gmt":"2018-06-07T14:43:34","slug":"home","status":"publish","type":"page","link":"https:\/\/www.ftgrabski.pl\/de\/","title":{"rendered":"HOME"},"content":{"rendered":"<div class=\"wpb-content-wrapper\">[vc_row fullwidth=&#8220;true&#8220;][vc_column]\n\t\t\t<!-- START Slider Home 3 REVOLUTION SLIDER 6.7.23 --><p class=\"rs-p-wp-fix\"><\/p>\n\t\t\t<rs-module-wrap id=\"rev_slider_3_1_wrapper\" data-source=\"gallery\" style=\"visibility:hidden;background:transparent;padding:0;margin:0px auto;margin-top:0;margin-bottom:0;\">\n\t\t\t\t<rs-module id=\"rev_slider_3_1\" style=\"\" data-version=\"6.7.23\">\n\t\t\t\t\t<rs-slides style=\"overflow: hidden; position: absolute;\">\n\t\t\t\t\t\t<rs-slide style=\"position: absolute;\" data-key=\"rs-3\" data-title=\"Slide\" data-anim=\"adpr:false;\">\n\t\t\t\t\t\t\t<img decoding=\"async\" src=\"\/\/www.ftgrabski.pl\/wp-content\/plugins\/revslider\/sr6\/assets\/assets\/dummy.png\" alt=\"\" title=\"HOME\" class=\"rev-slidebg tp-rs-img rs-lazyload\" data-lazyload=\"\/\/www.ftgrabski.pl\/wp-content\/uploads\/2018\/05\/slider-1d-2b.jpg\" data-panzoom=\"d:10000;ss:100;se:110;\" data-no-retina>\n<!--\n\t\t\t\t\t\t\t--><rs-layer\n\t\t\t\t\t\t\t\tid=\"slider-3-slide-3-layer-2\" \n\t\t\t\t\t\t\t\tdata-type=\"image\"\n\t\t\t\t\t\t\t\tdata-rsp_ch=\"on\"\n\t\t\t\t\t\t\t\tdata-xy=\"x:1092px;y:286px;\"\n\t\t\t\t\t\t\t\tdata-text=\"l:22;a:inherit;\"\n\t\t\t\t\t\t\t\tdata-dim=\"w:367px;h:46px;\"\n\t\t\t\t\t\t\t\tdata-frame_0=\"x:right;o:1;tp:600;\"\n\t\t\t\t\t\t\t\tdata-frame_1=\"tp:600;st:1930;sp:550;sR:1930;\"\n\t\t\t\t\t\t\t\tdata-frame_999=\"o:0;tp:600;st:w;sR:6520;\"\n\t\t\t\t\t\t\t\tstyle=\"z-index:5;\"\n\t\t\t\t\t\t\t><img decoding=\"async\" src=\"\/\/www.ftgrabski.pl\/wp-content\/plugins\/revslider\/sr6\/assets\/assets\/dummy.png\" alt=\"\" class=\"tp-rs-img rs-lazyload\" width=\"367\" height=\"46\" data-lazyload=\"\/\/www.ftgrabski.pl\/wp-content\/uploads\/2018\/04\/since-1984.png\" data-no-retina> \n\t\t\t\t\t\t\t<\/rs-layer><!--\n-->\t\t\t\t\t<\/rs-slide>\n\t\t\t\t\t<\/rs-slides>\n\t\t\t\t<\/rs-module>\n\t\t\t\t<script>\n\t\t\t\t\tsetREVStartSize({c: 'rev_slider_3_1',rl:[1240,1024,778,480],el:[],gw:[1240],gh:[700],type:'standard',justify:'',layout:'fullwidth',mh:\"0\"});if (window.RS_MODULES!==undefined && window.RS_MODULES.modules!==undefined && window.RS_MODULES.modules[\"revslider31\"]!==undefined) {window.RS_MODULES.modules[\"revslider31\"].once = false;window.revapi3 = undefined;if (window.RS_MODULES.checkMinimal!==undefined) window.RS_MODULES.checkMinimal()}\n\t\t\t\t<\/script>\n\t\t\t<\/rs-module-wrap>\n\t\t\t<!-- END REVOLUTION SLIDER -->\n[\/vc_column][\/vc_row][vc_row][vc_column][mk_padding_divider size=&#8220;25&#8243;][mk_fancy_title color=&#8220;#000000&#8243; size=&#8220;42&#8243; force_font_size=&#8220;true&#8220; size_smallscreen=&#8220;42&#8243; size_tablet=&#8220;36&#8243; size_phone=&#8220;24&#8243; font_weight=&#8220;600&#8243; font_style=&#8220;normal&#8220; txt_transform=&#8220;none&#8220; margin_top=&#8220;20&#8243; font_family=&#8220;Open+Sans&#8220; font_type=&#8220;google&#8220; align=&#8220;center&#8220;]\n<p style=\"text-align: center;\">GRABSKI Sp\u00f3\u0142ka z.o.o.<\/p>\n[\/mk_fancy_title][vc_row_inner][vc_column_inner width=&#8220;1\/2&#8243;][mk_image src=&#8220;https:\/\/www.ftgrabski.pl\/wp-content\/uploads\/2018\/04\/oo-nas-2-home.jpg&#8220; image_size=&#8220;full&#8220; animation=&#8220;right-to-left&#8220;][\/vc_column_inner][vc_column_inner width=&#8220;1\/2&#8243;][vc_column_text margin_bottom=&#8220;25&#8243; css=&#8220;.vc_custom_1528382607663{margin-bottom: 0px !important;}&#8220;]Wir sind ein Speditionsunternehmen mit Sitz bei Poznan in Polen, ca. 5 km von der Autobahn A2 Berlin \u2013 Warschau entfernt, t\u00e4tig im Logistikgewerbe seit 1984.<\/p>\n<p>Unsere Schwerpunkte liegen in den Bereichen Teil- und Komplettladungsverkehre national \/ international sowie Spedition.<\/p>\n<p>Unser Versicherungsschutz f\u00fcr den grenz\u00fcberschreitenden Verkehr umfasst sowohl die Pflichtversicherung als auch die CMR Deckung f\u00fcr von uns beauftragte Frachtf\u00fchrer (Subsid\u00e4rhaftung).<\/p>\n<p>Wir kooperieren mit mehreren Zollagenturen, was uns beim Bedarf eine reibungslose Zollabfertigung gew\u00e4hrleistet.<\/p>\n<p>Langj\u00e4hriges know how, nationales und internationales Netzwerk, sowie qualifizierte Mitarbeiter garantieren eine optimale und kosteng\u00fcnstige Realisierung individueller Anforderungen unserer Kundschaft.[\/vc_column_text][mk_padding_divider size=&#8220;25&#8243;][\/vc_column_inner][\/vc_row_inner][\/vc_column][\/vc_row]\n<\/div>","protected":false},"excerpt":{"rendered":"<p>[vc_row fullwidth=&#8220;true&#8220;][vc_column][\/vc_column][\/vc_row][vc_row][vc_column][mk_padding_divider size=&#8220;25&#8243;][mk_fancy_title color=&#8220;#000000&#8243; size=&#8220;42&#8243; force_font_size=&#8220;true&#8220; size_smallscreen=&#8220;42&#8243; size_tablet=&#8220;36&#8243; size_phone=&#8220;24&#8243; font_weight=&#8220;600&#8243; font_style=&#8220;normal&#8220; txt_transform=&#8220;none&#8220; margin_top=&#8220;20&#8243; font_family=&#8220;Open+Sans&#8220; font_type=&#8220;google&#8220; align=&#8220;center&#8220;] GRABSKI Sp\u00f3\u0142ka z.o.o. [\/mk_fancy_title][vc_row_inner][vc_column_inner width=&#8220;1\/2&#8243;][mk_image src=&#8220;https:\/\/www.ftgrabski.pl\/wp-content\/uploads\/2018\/04\/oo-nas-2-home.jpg&#8220; image_size=&#8220;full&#8220; animation=&#8220;right-to-left&#8220;][\/vc_column_inner][vc_column_inner width=&#8220;1\/2&#8243;][vc_column_text margin_bottom=&#8220;25&#8243; css=&#8220;.vc_custom_1528382607663{margin-bottom: 0px !important;}&#8220;]Wir sind ein Speditionsunternehmen mit Sitz bei Poznan in Polen, ca. 5 km von der Autobahn A2 Berlin \u2013 Warschau entfernt, t\u00e4tig im Logistikgewerbe seit 1984. Unsere [&hellip;]<\/p>\n","protected":false},"author":1,"featured_media":0,"parent":0,"menu_order":0,"comment_status":"closed","ping_status":"closed","template":"","meta":{"footnotes":""},"class_list":["post-212","page","type-page","status-publish","hentry"],"yoast_head":"<!-- This site is optimized with the Yoast SEO plugin v24.0 - https:\/\/yoast.com\/wordpress\/plugins\/seo\/ -->\n<title>Transport und Spedition in Polen: Grabski Sp. z o.o.<\/title>\n<meta name=\"description\" content=\"Wir sind ein Speditionsunternehmen mit Sitz bei Poznan in Polen, ca. 5 km von der Autobahn A2 Berlin \u2013 Warschau entfernt, t\u00e4tig im Logistikgewerbe seit 1984.\" \/>\n<meta name=\"robots\" content=\"index, follow, max-snippet:-1, max-image-preview:large, max-video-preview:-1\" \/>\n<link rel=\"canonical\" href=\"https:\/\/www.ftgrabski.pl\/de\/\" \/>\n<meta property=\"og:locale\" content=\"de_DE\" \/>\n<meta property=\"og:type\" content=\"article\" \/>\n<meta property=\"og:title\" content=\"Transport und Spedition in Polen: Grabski Sp. z o.o.\" \/>\n<meta property=\"og:description\" content=\"Wir sind ein Speditionsunternehmen mit Sitz bei Poznan in Polen, ca. 5 km von der Autobahn A2 Berlin \u2013 Warschau entfernt, t\u00e4tig im Logistikgewerbe seit 1984.\" \/>\n<meta property=\"og:url\" content=\"https:\/\/www.ftgrabski.pl\/de\/\" \/>\n<meta property=\"og:site_name\" content=\"Transport i spedycja: Grabski Sp. z o.o.\" \/>\n<meta property=\"article:modified_time\" content=\"2018-06-07T14:43:34+00:00\" \/>\n<meta name=\"twitter:card\" content=\"summary_large_image\" \/>\n<meta name=\"twitter:label1\" content=\"Gesch\u00e4tzte Lesezeit\" \/>\n\t<meta name=\"twitter:data1\" content=\"1\u00a0Minute\" \/>\n<script type=\"application\/ld+json\" class=\"yoast-schema-graph\">{\"@context\":\"https:\/\/schema.org\",\"@graph\":[{\"@type\":\"WebPage\",\"@id\":\"https:\/\/www.ftgrabski.pl\/de\/\",\"url\":\"https:\/\/www.ftgrabski.pl\/de\/\",\"name\":\"Transport und Spedition in Polen: Grabski Sp. z o.o.\",\"isPartOf\":{\"@id\":\"https:\/\/www.ftgrabski.pl\/de\/#website\"},\"datePublished\":\"2018-05-05T12:09:29+00:00\",\"dateModified\":\"2018-06-07T14:43:34+00:00\",\"description\":\"Wir sind ein Speditionsunternehmen mit Sitz bei Poznan in Polen, ca. 5 km von der Autobahn A2 Berlin \u2013 Warschau entfernt, t\u00e4tig im Logistikgewerbe seit 1984.\",\"breadcrumb\":{\"@id\":\"https:\/\/www.ftgrabski.pl\/de\/#breadcrumb\"},\"inLanguage\":\"de\",\"potentialAction\":[{\"@type\":\"ReadAction\",\"target\":[\"https:\/\/www.ftgrabski.pl\/de\/\"]}]},{\"@type\":\"BreadcrumbList\",\"@id\":\"https:\/\/www.ftgrabski.pl\/de\/#breadcrumb\",\"itemListElement\":[{\"@type\":\"ListItem\",\"position\":1,\"name\":\"Strona g\u0142\u00f3wna\",\"item\":\"https:\/\/www.ftgrabski.pl\/de\/\"},{\"@type\":\"ListItem\",\"position\":2,\"name\":\"HOME\"}]},{\"@type\":\"WebSite\",\"@id\":\"https:\/\/www.ftgrabski.pl\/de\/#website\",\"url\":\"https:\/\/www.ftgrabski.pl\/de\/\",\"name\":\"Transport i spedycja: Grabski Sp. z o.o.\",\"description\":\"since 1984\",\"potentialAction\":[{\"@type\":\"SearchAction\",\"target\":{\"@type\":\"EntryPoint\",\"urlTemplate\":\"https:\/\/www.ftgrabski.pl\/de\/?s={search_term_string}\"},\"query-input\":{\"@type\":\"PropertyValueSpecification\",\"valueRequired\":true,\"valueName\":\"search_term_string\"}}],\"inLanguage\":\"de\"}]}<\/script>\n<!-- \/ Yoast SEO plugin. -->","yoast_head_json":{"title":"Transport und Spedition in Polen: Grabski Sp. z o.o.","description":"Wir sind ein Speditionsunternehmen mit Sitz bei Poznan in Polen, ca. 5 km von der Autobahn A2 Berlin \u2013 Warschau entfernt, t\u00e4tig im Logistikgewerbe seit 1984.","robots":{"index":"index","follow":"follow","max-snippet":"max-snippet:-1","max-image-preview":"max-image-preview:large","max-video-preview":"max-video-preview:-1"},"canonical":"https:\/\/www.ftgrabski.pl\/de\/","og_locale":"de_DE","og_type":"article","og_title":"Transport und Spedition in Polen: Grabski Sp. z o.o.","og_description":"Wir sind ein Speditionsunternehmen mit Sitz bei Poznan in Polen, ca. 5 km von der Autobahn A2 Berlin \u2013 Warschau entfernt, t\u00e4tig im Logistikgewerbe seit 1984.","og_url":"https:\/\/www.ftgrabski.pl\/de\/","og_site_name":"Transport i spedycja: Grabski Sp. z o.o.","article_modified_time":"2018-06-07T14:43:34+00:00","twitter_card":"summary_large_image","twitter_misc":{"Gesch\u00e4tzte Lesezeit":"1\u00a0Minute"},"schema":{"@context":"https:\/\/schema.org","@graph":[{"@type":"WebPage","@id":"https:\/\/www.ftgrabski.pl\/de\/","url":"https:\/\/www.ftgrabski.pl\/de\/","name":"Transport und Spedition in Polen: Grabski Sp. z o.o.","isPartOf":{"@id":"https:\/\/www.ftgrabski.pl\/de\/#website"},"datePublished":"2018-05-05T12:09:29+00:00","dateModified":"2018-06-07T14:43:34+00:00","description":"Wir sind ein Speditionsunternehmen mit Sitz bei Poznan in Polen, ca. 5 km von der Autobahn A2 Berlin \u2013 Warschau entfernt, t\u00e4tig im Logistikgewerbe seit 1984.","breadcrumb":{"@id":"https:\/\/www.ftgrabski.pl\/de\/#breadcrumb"},"inLanguage":"de","potentialAction":[{"@type":"ReadAction","target":["https:\/\/www.ftgrabski.pl\/de\/"]}]},{"@type":"BreadcrumbList","@id":"https:\/\/www.ftgrabski.pl\/de\/#breadcrumb","itemListElement":[{"@type":"ListItem","position":1,"name":"Strona g\u0142\u00f3wna","item":"https:\/\/www.ftgrabski.pl\/de\/"},{"@type":"ListItem","position":2,"name":"HOME"}]},{"@type":"WebSite","@id":"https:\/\/www.ftgrabski.pl\/de\/#website","url":"https:\/\/www.ftgrabski.pl\/de\/","name":"Transport i spedycja: Grabski Sp. z o.o.","description":"since 1984","potentialAction":[{"@type":"SearchAction","target":{"@type":"EntryPoint","urlTemplate":"https:\/\/www.ftgrabski.pl\/de\/?s={search_term_string}"},"query-input":{"@type":"PropertyValueSpecification","valueRequired":true,"valueName":"search_term_string"}}],"inLanguage":"de"}]}},"_links":{"self":[{"href":"https:\/\/www.ftgrabski.pl\/de\/wp-json\/wp\/v2\/pages\/212","targetHints":{"allow":["GET"]}}],"collection":[{"href":"https:\/\/www.ftgrabski.pl\/de\/wp-json\/wp\/v2\/pages"}],"about":[{"href":"https:\/\/www.ftgrabski.pl\/de\/wp-json\/wp\/v2\/types\/page"}],"author":[{"embeddable":true,"href":"https:\/\/www.ftgrabski.pl\/de\/wp-json\/wp\/v2\/users\/1"}],"replies":[{"embeddable":true,"href":"https:\/\/www.ftgrabski.pl\/de\/wp-json\/wp\/v2\/comments?post=212"}],"version-history":[{"count":6,"href":"https:\/\/www.ftgrabski.pl\/de\/wp-json\/wp\/v2\/pages\/212\/revisions"}],"predecessor-version":[{"id":390,"href":"https:\/\/www.ftgrabski.pl\/de\/wp-json\/wp\/v2\/pages\/212\/revisions\/390"}],"wp:attachment":[{"href":"https:\/\/www.ftgrabski.pl\/de\/wp-json\/wp\/v2\/media?parent=212"}],"curies":[{"name":"wp","href":"https:\/\/api.w.org\/{rel}","templated":true}]}}