{"id":28,"date":"2018-04-10T21:32:19","date_gmt":"2018-04-10T19:32:19","guid":{"rendered":"https:\/\/www.ftgrabski.pl\/?page_id=28"},"modified":"2018-06-07T17:00:40","modified_gmt":"2018-06-07T15:00:40","slug":"home","status":"publish","type":"page","link":"https:\/\/www.ftgrabski.pl\/pl\/","title":{"rendered":"HOME"},"content":{"rendered":"<div class=\"wpb-content-wrapper\">[vc_row fullwidth=&#8221;true&#8221;][vc_column]\n\t\t\t<!-- START Slider Home 3 REVOLUTION SLIDER 6.7.23 --><p class=\"rs-p-wp-fix\"><\/p>\n\t\t\t<rs-module-wrap id=\"rev_slider_3_1_wrapper\" data-source=\"gallery\" style=\"visibility:hidden;background:transparent;padding:0;margin:0px auto;margin-top:0;margin-bottom:0;\">\n\t\t\t\t<rs-module id=\"rev_slider_3_1\" style=\"\" data-version=\"6.7.23\">\n\t\t\t\t\t<rs-slides style=\"overflow: hidden; position: absolute;\">\n\t\t\t\t\t\t<rs-slide style=\"position: absolute;\" data-key=\"rs-3\" data-title=\"Slide\" data-anim=\"adpr:false;\">\n\t\t\t\t\t\t\t<img decoding=\"async\" src=\"\/\/www.ftgrabski.pl\/wp-content\/plugins\/revslider\/sr6\/assets\/assets\/dummy.png\" alt=\"\" title=\"HOME\" class=\"rev-slidebg tp-rs-img rs-lazyload\" data-lazyload=\"\/\/www.ftgrabski.pl\/wp-content\/uploads\/2018\/05\/slider-1d-2b.jpg\" data-panzoom=\"d:10000;ss:100;se:110;\" data-no-retina>\n<!--\n\t\t\t\t\t\t\t--><rs-layer\n\t\t\t\t\t\t\t\tid=\"slider-3-slide-3-layer-2\" \n\t\t\t\t\t\t\t\tdata-type=\"image\"\n\t\t\t\t\t\t\t\tdata-rsp_ch=\"on\"\n\t\t\t\t\t\t\t\tdata-xy=\"x:1092px;y:286px;\"\n\t\t\t\t\t\t\t\tdata-text=\"l:22;a:inherit;\"\n\t\t\t\t\t\t\t\tdata-dim=\"w:367px;h:46px;\"\n\t\t\t\t\t\t\t\tdata-frame_0=\"x:right;o:1;tp:600;\"\n\t\t\t\t\t\t\t\tdata-frame_1=\"tp:600;st:1930;sp:550;sR:1930;\"\n\t\t\t\t\t\t\t\tdata-frame_999=\"o:0;tp:600;st:w;sR:6520;\"\n\t\t\t\t\t\t\t\tstyle=\"z-index:5;\"\n\t\t\t\t\t\t\t><img decoding=\"async\" src=\"\/\/www.ftgrabski.pl\/wp-content\/plugins\/revslider\/sr6\/assets\/assets\/dummy.png\" alt=\"\" class=\"tp-rs-img rs-lazyload\" width=\"367\" height=\"46\" data-lazyload=\"\/\/www.ftgrabski.pl\/wp-content\/uploads\/2018\/04\/since-1984.png\" data-no-retina> \n\t\t\t\t\t\t\t<\/rs-layer><!--\n-->\t\t\t\t\t<\/rs-slide>\n\t\t\t\t\t<\/rs-slides>\n\t\t\t\t<\/rs-module>\n\t\t\t\t<script>\n\t\t\t\t\tsetREVStartSize({c: 'rev_slider_3_1',rl:[1240,1024,778,480],el:[],gw:[1240],gh:[700],type:'standard',justify:'',layout:'fullwidth',mh:\"0\"});if (window.RS_MODULES!==undefined && window.RS_MODULES.modules!==undefined && window.RS_MODULES.modules[\"revslider31\"]!==undefined) {window.RS_MODULES.modules[\"revslider31\"].once = false;window.revapi3 = undefined;if (window.RS_MODULES.checkMinimal!==undefined) window.RS_MODULES.checkMinimal()}\n\t\t\t\t<\/script>\n\t\t\t<\/rs-module-wrap>\n\t\t\t<!-- END REVOLUTION SLIDER -->\n[\/vc_column][\/vc_row][vc_row][vc_column][mk_padding_divider size=&#8221;25&#8243;][mk_fancy_title color=&#8221;#000000&#8243; size=&#8221;42&#8243; force_font_size=&#8221;true&#8221; size_smallscreen=&#8221;42&#8243; size_tablet=&#8221;36&#8243; size_phone=&#8221;24&#8243; font_weight=&#8221;600&#8243; font_style=&#8221;normal&#8221; txt_transform=&#8221;none&#8221; margin_top=&#8221;20&#8243; font_family=&#8221;Open+Sans&#8221; font_type=&#8221;google&#8221; align=&#8221;center&#8221;]\n<p style=\"text-align: center;\">GRABSKI Sp\u00f3\u0142ka z.o.o.<\/p>\n[\/mk_fancy_title][vc_row_inner][vc_column_inner width=&#8221;1\/2&#8243;][mk_image src=&#8221;https:\/\/www.ftgrabski.pl\/wp-content\/uploads\/2018\/04\/oo-nas-2-home.jpg&#8221; image_size=&#8221;full&#8221; animation=&#8221;right-to-left&#8221;][\/vc_column_inner][vc_column_inner width=&#8221;1\/2&#8243;][vc_column_text margin_bottom=&#8221;25&#8243; css=&#8221;.vc_custom_1528383634980{margin-bottom: 0px !important;}&#8221;]Jeste\u015bmy firm\u0105 transportow\u0105 z siedzib\u0105 w D\u0105browie ko\u0142o Poznania, oddalon\u0105 o 5 km od autostrady A2 (Berlin \u2013 Warszawa).<\/p>\n<p>W bran\u017cy transportowej dzia\u0142amy nieprzerwanie od 1984 roku, zajmuj\u0105c si\u0119 przewozami krajowymi i mi\u0119dzynarodowymi oraz spedycj\u0105. Dysponujemy kilkunastoma samochodami o \u0142adowno\u015bciach od 1-26 ton i do\u015bwiadczonym zespo\u0142em kierowc\u00f3w. Posiadamy ubezpieczenia OCP w ruchu mi\u0119dzynarodowym do wysoko\u015bci 300.000 <b>\u20ac<\/b>.<\/p>\n<p>Wsp\u00f3\u0142pracujemy z agencjami celnymi na granicach Unii Europejskiej oraz na terenie pozna\u0144skiego Urz\u0119du Celnego.<\/p>\n<p>Nasze wieloletnie do\u015bwiadczenie w bran\u017cy transportowo-logistycznej owocuje najwy\u017cszym poziomem \u015bwiadczonych us\u0142ug.[\/vc_column_text][mk_padding_divider size=&#8221;25&#8243;][\/vc_column_inner][\/vc_row_inner][\/vc_column][\/vc_row]\n<\/div>","protected":false},"excerpt":{"rendered":"<p>[vc_row fullwidth=&#8221;true&#8221;][vc_column][\/vc_column][\/vc_row][vc_row][vc_column][mk_padding_divider size=&#8221;25&#8243;][mk_fancy_title color=&#8221;#000000&#8243; size=&#8221;42&#8243; force_font_size=&#8221;true&#8221; size_smallscreen=&#8221;42&#8243; size_tablet=&#8221;36&#8243; size_phone=&#8221;24&#8243; font_weight=&#8221;600&#8243; font_style=&#8221;normal&#8221; txt_transform=&#8221;none&#8221; margin_top=&#8221;20&#8243; font_family=&#8221;Open+Sans&#8221; font_type=&#8221;google&#8221; align=&#8221;center&#8221;] GRABSKI Sp\u00f3\u0142ka z.o.o. [\/mk_fancy_title][vc_row_inner][vc_column_inner width=&#8221;1\/2&#8243;][mk_image src=&#8221;https:\/\/www.ftgrabski.pl\/wp-content\/uploads\/2018\/04\/oo-nas-2-home.jpg&#8221; image_size=&#8221;full&#8221; animation=&#8221;right-to-left&#8221;][\/vc_column_inner][vc_column_inner width=&#8221;1\/2&#8243;][vc_column_text margin_bottom=&#8221;25&#8243; css=&#8221;.vc_custom_1528383634980{margin-bottom: 0px !important;}&#8221;]Jeste\u015bmy firm\u0105 transportow\u0105 z siedzib\u0105 w D\u0105browie ko\u0142o Poznania, oddalon\u0105 o 5 km od autostrady A2 (Berlin \u2013 Warszawa). W bran\u017cy transportowej dzia\u0142amy nieprzerwanie od 1984 roku, [&hellip;]<\/p>\n","protected":false},"author":1,"featured_media":0,"parent":0,"menu_order":0,"comment_status":"closed","ping_status":"closed","template":"","meta":{"footnotes":""},"class_list":["post-28","page","type-page","status-publish","hentry"],"yoast_head":"<!-- This site is optimized with the Yoast SEO plugin v24.0 - https:\/\/yoast.com\/wordpress\/plugins\/seo\/ -->\n<title>Transport i spedycja: Grabski Sp. z o.o.<\/title>\n<meta name=\"description\" content=\"Jeste\u015bmy firm\u0105 transportow\u0105 z siedzib\u0105 w D\u0105browie ko\u0142o Poznania, oddalon\u0105 o 5 km od autostrady A2 (Berlin \u2013 Warszawa). W bran\u017cy transportowej dzia\u0142amy nieprzerwanie od 1984 roku, zajmuj\u0105c si\u0119 przewozami krajowymi i mi\u0119dzynarodowymi oraz spedycj\u0105.\" \/>\n<meta name=\"robots\" content=\"index, follow, max-snippet:-1, max-image-preview:large, max-video-preview:-1\" \/>\n<link rel=\"canonical\" href=\"https:\/\/www.ftgrabski.pl\/pl\/\" \/>\n<meta property=\"og:locale\" content=\"pl_PL\" \/>\n<meta property=\"og:type\" content=\"article\" \/>\n<meta property=\"og:title\" content=\"Transport i spedycja: Grabski Sp. z o.o.\" \/>\n<meta property=\"og:description\" content=\"Jeste\u015bmy firm\u0105 transportow\u0105 z siedzib\u0105 w D\u0105browie ko\u0142o Poznania, oddalon\u0105 o 5 km od autostrady A2 (Berlin \u2013 Warszawa). W bran\u017cy transportowej dzia\u0142amy nieprzerwanie od 1984 roku, zajmuj\u0105c si\u0119 przewozami krajowymi i mi\u0119dzynarodowymi oraz spedycj\u0105.\" \/>\n<meta property=\"og:url\" content=\"https:\/\/www.ftgrabski.pl\/pl\/\" \/>\n<meta property=\"og:site_name\" content=\"Transport i spedycja: Grabski Sp. z o.o.\" \/>\n<meta property=\"article:modified_time\" content=\"2018-06-07T15:00:40+00:00\" \/>\n<meta name=\"twitter:card\" content=\"summary_large_image\" \/>\n<meta name=\"twitter:label1\" content=\"Szacowany czas czytania\" \/>\n\t<meta name=\"twitter:data1\" content=\"1 minuta\" \/>\n<script type=\"application\/ld+json\" class=\"yoast-schema-graph\">{\"@context\":\"https:\/\/schema.org\",\"@graph\":[{\"@type\":\"WebPage\",\"@id\":\"https:\/\/www.ftgrabski.pl\/pl\/\",\"url\":\"https:\/\/www.ftgrabski.pl\/pl\/\",\"name\":\"Transport i spedycja: Grabski Sp. z o.o.\",\"isPartOf\":{\"@id\":\"https:\/\/www.ftgrabski.pl\/de\/#website\"},\"datePublished\":\"2018-04-10T19:32:19+00:00\",\"dateModified\":\"2018-06-07T15:00:40+00:00\",\"description\":\"Jeste\u015bmy firm\u0105 transportow\u0105 z siedzib\u0105 w D\u0105browie ko\u0142o Poznania, oddalon\u0105 o 5 km od autostrady A2 (Berlin \u2013 Warszawa). W bran\u017cy transportowej dzia\u0142amy nieprzerwanie od 1984 roku, zajmuj\u0105c si\u0119 przewozami krajowymi i mi\u0119dzynarodowymi oraz spedycj\u0105.\",\"breadcrumb\":{\"@id\":\"https:\/\/www.ftgrabski.pl\/pl\/#breadcrumb\"},\"inLanguage\":\"pl-PL\",\"potentialAction\":[{\"@type\":\"ReadAction\",\"target\":[\"https:\/\/www.ftgrabski.pl\/pl\/\"]}]},{\"@type\":\"BreadcrumbList\",\"@id\":\"https:\/\/www.ftgrabski.pl\/pl\/#breadcrumb\",\"itemListElement\":[{\"@type\":\"ListItem\",\"position\":1,\"name\":\"Strona g\u0142\u00f3wna\",\"item\":\"https:\/\/www.ftgrabski.pl\/pl\/\"},{\"@type\":\"ListItem\",\"position\":2,\"name\":\"HOME\"}]},{\"@type\":\"WebSite\",\"@id\":\"https:\/\/www.ftgrabski.pl\/de\/#website\",\"url\":\"https:\/\/www.ftgrabski.pl\/de\/\",\"name\":\"Transport i spedycja: Grabski Sp. z o.o.\",\"description\":\"since 1984\",\"potentialAction\":[{\"@type\":\"SearchAction\",\"target\":{\"@type\":\"EntryPoint\",\"urlTemplate\":\"https:\/\/www.ftgrabski.pl\/de\/?s={search_term_string}\"},\"query-input\":{\"@type\":\"PropertyValueSpecification\",\"valueRequired\":true,\"valueName\":\"search_term_string\"}}],\"inLanguage\":\"pl-PL\"}]}<\/script>\n<!-- \/ Yoast SEO plugin. -->","yoast_head_json":{"title":"Transport i spedycja: Grabski Sp. z o.o.","description":"Jeste\u015bmy firm\u0105 transportow\u0105 z siedzib\u0105 w D\u0105browie ko\u0142o Poznania, oddalon\u0105 o 5 km od autostrady A2 (Berlin \u2013 Warszawa). W bran\u017cy transportowej dzia\u0142amy nieprzerwanie od 1984 roku, zajmuj\u0105c si\u0119 przewozami krajowymi i mi\u0119dzynarodowymi oraz spedycj\u0105.","robots":{"index":"index","follow":"follow","max-snippet":"max-snippet:-1","max-image-preview":"max-image-preview:large","max-video-preview":"max-video-preview:-1"},"canonical":"https:\/\/www.ftgrabski.pl\/pl\/","og_locale":"pl_PL","og_type":"article","og_title":"Transport i spedycja: Grabski Sp. z o.o.","og_description":"Jeste\u015bmy firm\u0105 transportow\u0105 z siedzib\u0105 w D\u0105browie ko\u0142o Poznania, oddalon\u0105 o 5 km od autostrady A2 (Berlin \u2013 Warszawa). W bran\u017cy transportowej dzia\u0142amy nieprzerwanie od 1984 roku, zajmuj\u0105c si\u0119 przewozami krajowymi i mi\u0119dzynarodowymi oraz spedycj\u0105.","og_url":"https:\/\/www.ftgrabski.pl\/pl\/","og_site_name":"Transport i spedycja: Grabski Sp. z o.o.","article_modified_time":"2018-06-07T15:00:40+00:00","twitter_card":"summary_large_image","twitter_misc":{"Szacowany czas czytania":"1 minuta"},"schema":{"@context":"https:\/\/schema.org","@graph":[{"@type":"WebPage","@id":"https:\/\/www.ftgrabski.pl\/pl\/","url":"https:\/\/www.ftgrabski.pl\/pl\/","name":"Transport i spedycja: Grabski Sp. z o.o.","isPartOf":{"@id":"https:\/\/www.ftgrabski.pl\/de\/#website"},"datePublished":"2018-04-10T19:32:19+00:00","dateModified":"2018-06-07T15:00:40+00:00","description":"Jeste\u015bmy firm\u0105 transportow\u0105 z siedzib\u0105 w D\u0105browie ko\u0142o Poznania, oddalon\u0105 o 5 km od autostrady A2 (Berlin \u2013 Warszawa). W bran\u017cy transportowej dzia\u0142amy nieprzerwanie od 1984 roku, zajmuj\u0105c si\u0119 przewozami krajowymi i mi\u0119dzynarodowymi oraz spedycj\u0105.","breadcrumb":{"@id":"https:\/\/www.ftgrabski.pl\/pl\/#breadcrumb"},"inLanguage":"pl-PL","potentialAction":[{"@type":"ReadAction","target":["https:\/\/www.ftgrabski.pl\/pl\/"]}]},{"@type":"BreadcrumbList","@id":"https:\/\/www.ftgrabski.pl\/pl\/#breadcrumb","itemListElement":[{"@type":"ListItem","position":1,"name":"Strona g\u0142\u00f3wna","item":"https:\/\/www.ftgrabski.pl\/pl\/"},{"@type":"ListItem","position":2,"name":"HOME"}]},{"@type":"WebSite","@id":"https:\/\/www.ftgrabski.pl\/de\/#website","url":"https:\/\/www.ftgrabski.pl\/de\/","name":"Transport i spedycja: Grabski Sp. z o.o.","description":"since 1984","potentialAction":[{"@type":"SearchAction","target":{"@type":"EntryPoint","urlTemplate":"https:\/\/www.ftgrabski.pl\/de\/?s={search_term_string}"},"query-input":{"@type":"PropertyValueSpecification","valueRequired":true,"valueName":"search_term_string"}}],"inLanguage":"pl-PL"}]}},"_links":{"self":[{"href":"https:\/\/www.ftgrabski.pl\/pl\/wp-json\/wp\/v2\/pages\/28","targetHints":{"allow":["GET"]}}],"collection":[{"href":"https:\/\/www.ftgrabski.pl\/pl\/wp-json\/wp\/v2\/pages"}],"about":[{"href":"https:\/\/www.ftgrabski.pl\/pl\/wp-json\/wp\/v2\/types\/page"}],"author":[{"embeddable":true,"href":"https:\/\/www.ftgrabski.pl\/pl\/wp-json\/wp\/v2\/users\/1"}],"replies":[{"embeddable":true,"href":"https:\/\/www.ftgrabski.pl\/pl\/wp-json\/wp\/v2\/comments?post=28"}],"version-history":[{"count":10,"href":"https:\/\/www.ftgrabski.pl\/pl\/wp-json\/wp\/v2\/pages\/28\/revisions"}],"predecessor-version":[{"id":393,"href":"https:\/\/www.ftgrabski.pl\/pl\/wp-json\/wp\/v2\/pages\/28\/revisions\/393"}],"wp:attachment":[{"href":"https:\/\/www.ftgrabski.pl\/pl\/wp-json\/wp\/v2\/media?parent=28"}],"curies":[{"name":"wp","href":"https:\/\/api.w.org\/{rel}","templated":true}]}}