{"id":433,"date":"2019-08-07T15:27:56","date_gmt":"2019-08-07T13:27:56","guid":{"rendered":"https:\/\/www.ftgrabski.pl\/?page_id=433"},"modified":"2019-08-07T15:27:56","modified_gmt":"2019-08-07T13:27:56","slug":"rodo","status":"publish","type":"page","link":"https:\/\/www.ftgrabski.pl\/pl\/rodo\/","title":{"rendered":"RODO"},"content":{"rendered":"<div class=\"wpb-content-wrapper\">[vc_row][vc_column width=&#8221;1\/6&#8243;][\/vc_column][vc_column width=&#8221;2\/3&#8243;][mk_fancy_title color=&#8221;#000000&#8243; size=&#8221;42&#8243; force_font_size=&#8221;true&#8221; size_smallscreen=&#8221;42&#8243; size_tablet=&#8221;36&#8243; size_phone=&#8221;24&#8243; font_weight=&#8221;600&#8243; font_style=&#8221;normal&#8221; txt_transform=&#8221;none&#8221; margin_bottom=&#8221;25&#8243; font_family=&#8221;Open+Sans&#8221; font_type=&#8221;google&#8221; align=&#8221;center&#8221;]\n<p style=\"text-align: center;\">RODO<\/p>\n[\/mk_fancy_title][mk_padding_divider size=&#8221;35&#8243;][vc_column_text css=&#8221;.vc_custom_1565184474963{margin-bottom: 0px !important;}&#8221;]Zgoda na przetwarzanie danych osobowych<\/p>\n<p>Od 25 maja 2018 roku zacz\u0119\u0142o obowi\u0105zywa\u0107 Rozporz\u0105dzenie Parlamentu Europejskiego okre\u015blanego jako RODO.<\/p>\n<p>GRABSKI Sp. z o. o. ul. Grabowa 4, 62-070 D\u0105browa dba o Pa\u0144stwa prywatno\u015b\u0107 i informuje , \u017ce Pa\u0144stwa dane s\u0105 u nas bezpieczne. GRABSKI Sp. z o. o. jako administrator danych uzyskanych podczas zawierania zlece\u0144\/umowy gromadzi je tylko w celu zawierania i realizacji zlece\u0144 oraz wystawiania wymaganych dokument\u00f3w i nadzoru nad p\u0142atno\u015bciami.<\/p>\n<p>Informujemy, \u017ce w ka\u017cdej chwili mo\u017cecie Pa\u0144stwo cofn\u0105\u0107 zgod\u0119 na przetwarzanie swoich danych osobowych kieruj\u0105c odpowiedni wniosek na adres mailowy: biuro@ftgrabski.pl[\/vc_column_text][\/vc_column][vc_column width=&#8221;1\/6&#8243;][\/vc_column][\/vc_row]\n<\/div>","protected":false},"excerpt":{"rendered":"<p>[vc_row][vc_column width=&#8221;1\/6&#8243;][\/vc_column][vc_column width=&#8221;2\/3&#8243;][mk_fancy_title color=&#8221;#000000&#8243; size=&#8221;42&#8243; force_font_size=&#8221;true&#8221; size_smallscreen=&#8221;42&#8243; size_tablet=&#8221;36&#8243; size_phone=&#8221;24&#8243; font_weight=&#8221;600&#8243; font_style=&#8221;normal&#8221; txt_transform=&#8221;none&#8221; margin_bottom=&#8221;25&#8243; font_family=&#8221;Open+Sans&#8221; font_type=&#8221;google&#8221; align=&#8221;center&#8221;] RODO [\/mk_fancy_title][mk_padding_divider size=&#8221;35&#8243;][vc_column_text css=&#8221;.vc_custom_1565184474963{margin-bottom: 0px !important;}&#8221;]Zgoda na przetwarzanie danych osobowych Od 25 maja 2018 roku zacz\u0119\u0142o obowi\u0105zywa\u0107 Rozporz\u0105dzenie Parlamentu Europejskiego okre\u015blanego jako RODO. GRABSKI Sp. z o. o. ul. Grabowa 4, 62-070 D\u0105browa dba o Pa\u0144stwa prywatno\u015b\u0107 i informuje [&hellip;]<\/p>\n","protected":false},"author":1,"featured_media":0,"parent":0,"menu_order":0,"comment_status":"closed","ping_status":"closed","template":"","meta":{"footnotes":""},"class_list":["post-433","page","type-page","status-publish","hentry"],"yoast_head":"<!-- This site is optimized with the Yoast SEO plugin v24.0 - https:\/\/yoast.com\/wordpress\/plugins\/seo\/ -->\n<title>RODO - Transport i spedycja: Grabski Sp. z o.o.<\/title>\n<meta name=\"robots\" content=\"index, follow, max-snippet:-1, max-image-preview:large, max-video-preview:-1\" \/>\n<link rel=\"canonical\" href=\"https:\/\/www.ftgrabski.pl\/pl\/rodo\/\" \/>\n<meta property=\"og:locale\" content=\"pl_PL\" \/>\n<meta property=\"og:type\" content=\"article\" \/>\n<meta property=\"og:title\" content=\"RODO - Transport i spedycja: Grabski Sp. z o.o.\" \/>\n<meta property=\"og:description\" content=\"[vc_row][vc_column width=&#8221;1\/6&#8243;][\/vc_column][vc_column width=&#8221;2\/3&#8243;][mk_fancy_title color=&#8221;#000000&#8243; size=&#8221;42&#8243; force_font_size=&#8221;true&#8221; size_smallscreen=&#8221;42&#8243; size_tablet=&#8221;36&#8243; size_phone=&#8221;24&#8243; font_weight=&#8221;600&#8243; font_style=&#8221;normal&#8221; txt_transform=&#8221;none&#8221; margin_bottom=&#8221;25&#8243; font_family=&#8221;Open+Sans&#8221; font_type=&#8221;google&#8221; align=&#8221;center&#8221;] RODO [\/mk_fancy_title][mk_padding_divider size=&#8221;35&#8243;][vc_column_text css=&#8221;.vc_custom_1565184474963{margin-bottom: 0px !important;}&#8221;]Zgoda na przetwarzanie danych osobowych Od 25 maja 2018 roku zacz\u0119\u0142o obowi\u0105zywa\u0107 Rozporz\u0105dzenie Parlamentu Europejskiego okre\u015blanego jako RODO. GRABSKI Sp. z o. o. ul. Grabowa 4, 62-070 D\u0105browa dba o Pa\u0144stwa prywatno\u015b\u0107 i informuje [&hellip;]\" \/>\n<meta property=\"og:url\" content=\"https:\/\/www.ftgrabski.pl\/pl\/rodo\/\" \/>\n<meta property=\"og:site_name\" content=\"Transport i spedycja: Grabski Sp. z o.o.\" \/>\n<meta name=\"twitter:card\" content=\"summary_large_image\" \/>\n<meta name=\"twitter:label1\" content=\"Szacowany czas czytania\" \/>\n\t<meta name=\"twitter:data1\" content=\"1 minuta\" \/>\n<script type=\"application\/ld+json\" class=\"yoast-schema-graph\">{\"@context\":\"https:\/\/schema.org\",\"@graph\":[{\"@type\":\"WebPage\",\"@id\":\"https:\/\/www.ftgrabski.pl\/pl\/rodo\/\",\"url\":\"https:\/\/www.ftgrabski.pl\/pl\/rodo\/\",\"name\":\"RODO - Transport i spedycja: Grabski Sp. z o.o.\",\"isPartOf\":{\"@id\":\"https:\/\/www.ftgrabski.pl\/de\/#website\"},\"datePublished\":\"2019-08-07T13:27:56+00:00\",\"dateModified\":\"2019-08-07T13:27:56+00:00\",\"breadcrumb\":{\"@id\":\"https:\/\/www.ftgrabski.pl\/pl\/rodo\/#breadcrumb\"},\"inLanguage\":\"pl-PL\",\"potentialAction\":[{\"@type\":\"ReadAction\",\"target\":[\"https:\/\/www.ftgrabski.pl\/pl\/rodo\/\"]}]},{\"@type\":\"BreadcrumbList\",\"@id\":\"https:\/\/www.ftgrabski.pl\/pl\/rodo\/#breadcrumb\",\"itemListElement\":[{\"@type\":\"ListItem\",\"position\":1,\"name\":\"Strona g\u0142\u00f3wna\",\"item\":\"https:\/\/www.ftgrabski.pl\/pl\/\"},{\"@type\":\"ListItem\",\"position\":2,\"name\":\"RODO\"}]},{\"@type\":\"WebSite\",\"@id\":\"https:\/\/www.ftgrabski.pl\/de\/#website\",\"url\":\"https:\/\/www.ftgrabski.pl\/de\/\",\"name\":\"Transport i spedycja: Grabski Sp. z o.o.\",\"description\":\"since 1984\",\"potentialAction\":[{\"@type\":\"SearchAction\",\"target\":{\"@type\":\"EntryPoint\",\"urlTemplate\":\"https:\/\/www.ftgrabski.pl\/de\/?s={search_term_string}\"},\"query-input\":{\"@type\":\"PropertyValueSpecification\",\"valueRequired\":true,\"valueName\":\"search_term_string\"}}],\"inLanguage\":\"pl-PL\"}]}<\/script>\n<!-- \/ Yoast SEO plugin. -->","yoast_head_json":{"title":"RODO - Transport i spedycja: Grabski Sp. z o.o.","robots":{"index":"index","follow":"follow","max-snippet":"max-snippet:-1","max-image-preview":"max-image-preview:large","max-video-preview":"max-video-preview:-1"},"canonical":"https:\/\/www.ftgrabski.pl\/pl\/rodo\/","og_locale":"pl_PL","og_type":"article","og_title":"RODO - Transport i spedycja: Grabski Sp. z o.o.","og_description":"[vc_row][vc_column width=&#8221;1\/6&#8243;][\/vc_column][vc_column width=&#8221;2\/3&#8243;][mk_fancy_title color=&#8221;#000000&#8243; size=&#8221;42&#8243; force_font_size=&#8221;true&#8221; size_smallscreen=&#8221;42&#8243; size_tablet=&#8221;36&#8243; size_phone=&#8221;24&#8243; font_weight=&#8221;600&#8243; font_style=&#8221;normal&#8221; txt_transform=&#8221;none&#8221; margin_bottom=&#8221;25&#8243; font_family=&#8221;Open+Sans&#8221; font_type=&#8221;google&#8221; align=&#8221;center&#8221;] RODO [\/mk_fancy_title][mk_padding_divider size=&#8221;35&#8243;][vc_column_text css=&#8221;.vc_custom_1565184474963{margin-bottom: 0px !important;}&#8221;]Zgoda na przetwarzanie danych osobowych Od 25 maja 2018 roku zacz\u0119\u0142o obowi\u0105zywa\u0107 Rozporz\u0105dzenie Parlamentu Europejskiego okre\u015blanego jako RODO. GRABSKI Sp. z o. o. ul. Grabowa 4, 62-070 D\u0105browa dba o Pa\u0144stwa prywatno\u015b\u0107 i informuje [&hellip;]","og_url":"https:\/\/www.ftgrabski.pl\/pl\/rodo\/","og_site_name":"Transport i spedycja: Grabski Sp. z o.o.","twitter_card":"summary_large_image","twitter_misc":{"Szacowany czas czytania":"1 minuta"},"schema":{"@context":"https:\/\/schema.org","@graph":[{"@type":"WebPage","@id":"https:\/\/www.ftgrabski.pl\/pl\/rodo\/","url":"https:\/\/www.ftgrabski.pl\/pl\/rodo\/","name":"RODO - Transport i spedycja: Grabski Sp. z o.o.","isPartOf":{"@id":"https:\/\/www.ftgrabski.pl\/de\/#website"},"datePublished":"2019-08-07T13:27:56+00:00","dateModified":"2019-08-07T13:27:56+00:00","breadcrumb":{"@id":"https:\/\/www.ftgrabski.pl\/pl\/rodo\/#breadcrumb"},"inLanguage":"pl-PL","potentialAction":[{"@type":"ReadAction","target":["https:\/\/www.ftgrabski.pl\/pl\/rodo\/"]}]},{"@type":"BreadcrumbList","@id":"https:\/\/www.ftgrabski.pl\/pl\/rodo\/#breadcrumb","itemListElement":[{"@type":"ListItem","position":1,"name":"Strona g\u0142\u00f3wna","item":"https:\/\/www.ftgrabski.pl\/pl\/"},{"@type":"ListItem","position":2,"name":"RODO"}]},{"@type":"WebSite","@id":"https:\/\/www.ftgrabski.pl\/de\/#website","url":"https:\/\/www.ftgrabski.pl\/de\/","name":"Transport i spedycja: Grabski Sp. z o.o.","description":"since 1984","potentialAction":[{"@type":"SearchAction","target":{"@type":"EntryPoint","urlTemplate":"https:\/\/www.ftgrabski.pl\/de\/?s={search_term_string}"},"query-input":{"@type":"PropertyValueSpecification","valueRequired":true,"valueName":"search_term_string"}}],"inLanguage":"pl-PL"}]}},"_links":{"self":[{"href":"https:\/\/www.ftgrabski.pl\/pl\/wp-json\/wp\/v2\/pages\/433","targetHints":{"allow":["GET"]}}],"collection":[{"href":"https:\/\/www.ftgrabski.pl\/pl\/wp-json\/wp\/v2\/pages"}],"about":[{"href":"https:\/\/www.ftgrabski.pl\/pl\/wp-json\/wp\/v2\/types\/page"}],"author":[{"embeddable":true,"href":"https:\/\/www.ftgrabski.pl\/pl\/wp-json\/wp\/v2\/users\/1"}],"replies":[{"embeddable":true,"href":"https:\/\/www.ftgrabski.pl\/pl\/wp-json\/wp\/v2\/comments?post=433"}],"version-history":[{"count":1,"href":"https:\/\/www.ftgrabski.pl\/pl\/wp-json\/wp\/v2\/pages\/433\/revisions"}],"predecessor-version":[{"id":434,"href":"https:\/\/www.ftgrabski.pl\/pl\/wp-json\/wp\/v2\/pages\/433\/revisions\/434"}],"wp:attachment":[{"href":"https:\/\/www.ftgrabski.pl\/pl\/wp-json\/wp\/v2\/media?parent=433"}],"curies":[{"name":"wp","href":"https:\/\/api.w.org\/{rel}","templated":true}]}}